{"id":1294,"date":"2024-03-22T15:18:11","date_gmt":"2024-03-22T14:18:11","guid":{"rendered":"https:\/\/szablon.nfhotel.usermd.net\/?page_id=1294"},"modified":"2025-01-21T15:42:39","modified_gmt":"2025-01-21T14:42:39","slug":"kontakt","status":"publish","type":"page","link":"https:\/\/gran.karpacz.pl\/cs\/kontakt","title":{"rendered":"Kontakt"},"content":{"rendered":"","protected":false},"excerpt":{"rendered":"","protected":false},"author":3,"featured_media":0,"parent":0,"menu_order":0,"comment_status":"closed","ping_status":"closed","template":"","meta":{"_acf_changed":false,"footnotes":""},"class_list":["post-1294","page","type-page","status-publish","hentry"],"acf":[],"yoast_head":"<!-- This site is optimized with the Yoast SEO plugin v26.6 - https:\/\/yoast.com\/wordpress\/plugins\/seo\/ -->\n<title>Pensjonat Gra\u0144 Karpacz<\/title>\n<meta name=\"description\" content=\"Skontaktuj si\u0119 z nami, aby uzyska\u0107 wi\u0119cej informacji lub dokona\u0107 rezerwacji w Hotelu Gran w Karkonoszach.\" \/>\n<meta name=\"robots\" content=\"index, follow, max-snippet:-1, max-image-preview:large, max-video-preview:-1\" \/>\n<link rel=\"canonical\" href=\"https:\/\/gran.karpacz.pl\/cs\/kontakt\/\" \/>\n<meta property=\"og:locale\" content=\"cs_CZ\" \/>\n<meta property=\"og:type\" content=\"article\" \/>\n<meta property=\"og:title\" content=\"Pensjonat Gra\u0144 Karpacz\" \/>\n<meta property=\"og:description\" content=\"Skontaktuj si\u0119 z nami, aby uzyska\u0107 wi\u0119cej informacji lub dokona\u0107 rezerwacji w Hotelu Gran w Karkonoszach.\" \/>\n<meta property=\"og:url\" content=\"https:\/\/gran.karpacz.pl\/cs\/kontakt\/\" \/>\n<meta property=\"og:site_name\" content=\"Pensjonat Gra\u0144 Karpacz\" \/>\n<meta property=\"article:modified_time\" content=\"2025-01-21T14:42:39+00:00\" \/>\n<meta name=\"twitter:card\" content=\"summary_large_image\" \/>\n<meta name=\"twitter:label1\" content=\"Odhadovan\u00e1 doba \u010dten\u00ed\" \/>\n\t<meta name=\"twitter:data1\" content=\"1 minuta\" \/>\n<script type=\"application\/ld+json\" class=\"yoast-schema-graph\">{\"@context\":\"https:\/\/schema.org\",\"@graph\":[{\"@type\":\"WebPage\",\"@id\":\"https:\/\/gran.karpacz.pl\/kontakt\",\"url\":\"https:\/\/gran.karpacz.pl\/kontakt\",\"name\":\"Pensjonat Gra\u0144 Karpacz\",\"isPartOf\":{\"@id\":\"https:\/\/gran.karpacz.pl\/#website\"},\"datePublished\":\"2024-03-22T14:18:11+00:00\",\"dateModified\":\"2025-01-21T14:42:39+00:00\",\"description\":\"Skontaktuj si\u0119 z nami, aby uzyska\u0107 wi\u0119cej informacji lub dokona\u0107 rezerwacji w Hotelu Gran w Karkonoszach.\",\"breadcrumb\":{\"@id\":\"https:\/\/gran.karpacz.pl\/kontakt#breadcrumb\"},\"inLanguage\":\"cs\",\"potentialAction\":[{\"@type\":\"ReadAction\",\"target\":[\"https:\/\/gran.karpacz.pl\/kontakt\"]}]},{\"@type\":\"BreadcrumbList\",\"@id\":\"https:\/\/gran.karpacz.pl\/kontakt#breadcrumb\",\"itemListElement\":[{\"@type\":\"ListItem\",\"position\":1,\"name\":\"Strona g\u0142\u00f3wna\",\"item\":\"https:\/\/gran.karpacz.pl\/\"},{\"@type\":\"ListItem\",\"position\":2,\"name\":\"Kontakt\"}]},{\"@type\":\"WebSite\",\"@id\":\"https:\/\/gran.karpacz.pl\/#website\",\"url\":\"https:\/\/gran.karpacz.pl\/\",\"name\":\"Pensjonat Gra\u0144 Karpacz\",\"description\":\"\",\"publisher\":{\"@id\":\"https:\/\/gran.karpacz.pl\/#organization\"},\"potentialAction\":[{\"@type\":\"SearchAction\",\"target\":{\"@type\":\"EntryPoint\",\"urlTemplate\":\"https:\/\/gran.karpacz.pl\/?s={search_term_string}\"},\"query-input\":{\"@type\":\"PropertyValueSpecification\",\"valueRequired\":true,\"valueName\":\"search_term_string\"}}],\"inLanguage\":\"cs\"},{\"@type\":\"Organization\",\"@id\":\"https:\/\/gran.karpacz.pl\/#organization\",\"name\":\"Pensjonat Gra\u0144 Karpacz\",\"url\":\"https:\/\/gran.karpacz.pl\/\",\"logo\":{\"@type\":\"ImageObject\",\"inLanguage\":\"cs\",\"@id\":\"https:\/\/gran.karpacz.pl\/#\/schema\/logo\/image\/\",\"url\":\"\",\"contentUrl\":\"\",\"caption\":\"Pensjonat Gra\u0144 Karpacz\"},\"image\":{\"@id\":\"https:\/\/gran.karpacz.pl\/#\/schema\/logo\/image\/\"}}]}<\/script>\n<!-- \/ Yoast SEO plugin. -->","yoast_head_json":{"title":"Pensjonat Gra\u0144 Karpacz","description":"Skontaktuj si\u0119 z nami, aby uzyska\u0107 wi\u0119cej informacji lub dokona\u0107 rezerwacji w Hotelu Gran w Karkonoszach.","robots":{"index":"index","follow":"follow","max-snippet":"max-snippet:-1","max-image-preview":"max-image-preview:large","max-video-preview":"max-video-preview:-1"},"canonical":"https:\/\/gran.karpacz.pl\/cs\/kontakt\/","og_locale":"cs_CZ","og_type":"article","og_title":"Pensjonat Gra\u0144 Karpacz","og_description":"Skontaktuj si\u0119 z nami, aby uzyska\u0107 wi\u0119cej informacji lub dokona\u0107 rezerwacji w Hotelu Gran w Karkonoszach.","og_url":"https:\/\/gran.karpacz.pl\/cs\/kontakt\/","og_site_name":"Pensjonat Gra\u0144 Karpacz","article_modified_time":"2025-01-21T14:42:39+00:00","twitter_card":"summary_large_image","twitter_misc":{"Odhadovan\u00e1 doba \u010dten\u00ed":"1 minuta"},"schema":{"@context":"https:\/\/schema.org","@graph":[{"@type":"WebPage","@id":"https:\/\/gran.karpacz.pl\/kontakt","url":"https:\/\/gran.karpacz.pl\/kontakt","name":"Pensjonat Gra\u0144 Karpacz","isPartOf":{"@id":"https:\/\/gran.karpacz.pl\/#website"},"datePublished":"2024-03-22T14:18:11+00:00","dateModified":"2025-01-21T14:42:39+00:00","description":"Skontaktuj si\u0119 z nami, aby uzyska\u0107 wi\u0119cej informacji lub dokona\u0107 rezerwacji w Hotelu Gran w Karkonoszach.","breadcrumb":{"@id":"https:\/\/gran.karpacz.pl\/kontakt#breadcrumb"},"inLanguage":"cs","potentialAction":[{"@type":"ReadAction","target":["https:\/\/gran.karpacz.pl\/kontakt"]}]},{"@type":"BreadcrumbList","@id":"https:\/\/gran.karpacz.pl\/kontakt#breadcrumb","itemListElement":[{"@type":"ListItem","position":1,"name":"Strona g\u0142\u00f3wna","item":"https:\/\/gran.karpacz.pl\/"},{"@type":"ListItem","position":2,"name":"Kontakt"}]},{"@type":"WebSite","@id":"https:\/\/gran.karpacz.pl\/#website","url":"https:\/\/gran.karpacz.pl\/","name":"Pensjonat Gra\u0144 Karpacz","description":"","publisher":{"@id":"https:\/\/gran.karpacz.pl\/#organization"},"potentialAction":[{"@type":"SearchAction","target":{"@type":"EntryPoint","urlTemplate":"https:\/\/gran.karpacz.pl\/?s={search_term_string}"},"query-input":{"@type":"PropertyValueSpecification","valueRequired":true,"valueName":"search_term_string"}}],"inLanguage":"cs"},{"@type":"Organization","@id":"https:\/\/gran.karpacz.pl\/#organization","name":"Pensjonat Gra\u0144 Karpacz","url":"https:\/\/gran.karpacz.pl\/","logo":{"@type":"ImageObject","inLanguage":"cs","@id":"https:\/\/gran.karpacz.pl\/#\/schema\/logo\/image\/","url":"","contentUrl":"","caption":"Pensjonat Gra\u0144 Karpacz"},"image":{"@id":"https:\/\/gran.karpacz.pl\/#\/schema\/logo\/image\/"}}]}},"_links":{"self":[{"href":"https:\/\/gran.karpacz.pl\/cs\/wp-json\/wp\/v2\/pages\/1294","targetHints":{"allow":["GET"]}}],"collection":[{"href":"https:\/\/gran.karpacz.pl\/cs\/wp-json\/wp\/v2\/pages"}],"about":[{"href":"https:\/\/gran.karpacz.pl\/cs\/wp-json\/wp\/v2\/types\/page"}],"author":[{"embeddable":true,"href":"https:\/\/gran.karpacz.pl\/cs\/wp-json\/wp\/v2\/users\/3"}],"replies":[{"embeddable":true,"href":"https:\/\/gran.karpacz.pl\/cs\/wp-json\/wp\/v2\/comments?post=1294"}],"version-history":[{"count":2,"href":"https:\/\/gran.karpacz.pl\/cs\/wp-json\/wp\/v2\/pages\/1294\/revisions"}],"predecessor-version":[{"id":1607,"href":"https:\/\/gran.karpacz.pl\/cs\/wp-json\/wp\/v2\/pages\/1294\/revisions\/1607"}],"wp:attachment":[{"href":"https:\/\/gran.karpacz.pl\/cs\/wp-json\/wp\/v2\/media?parent=1294"}],"curies":[{"name":"wp","href":"https:\/\/api.w.org\/{rel}","templated":true}]}}