{"id":1296,"date":"2024-03-22T15:30:23","date_gmt":"2024-03-22T14:30:23","guid":{"rendered":"https:\/\/szablon.nfhotel.usermd.net\/?page_id=1296"},"modified":"2025-01-21T15:42:15","modified_gmt":"2025-01-21T14:42:15","slug":"atrakcje","status":"publish","type":"page","link":"https:\/\/gran.karpacz.pl\/en\/atrakcje","title":{"rendered":"Attractions"},"content":{"rendered":"","protected":false},"excerpt":{"rendered":"","protected":false},"author":3,"featured_media":0,"parent":0,"menu_order":0,"comment_status":"closed","ping_status":"closed","template":"","meta":{"_acf_changed":false,"footnotes":""},"class_list":["post-1296","page","type-page","status-publish","hentry"],"acf":[],"yoast_head":"<!-- This site is optimized with the Yoast SEO plugin v26.6 - https:\/\/yoast.com\/wordpress\/plugins\/seo\/ -->\n<title>Pensjonat Gra\u0144 Karpacz<\/title>\n<meta name=\"description\" content=\"Sprawd\u017a bogat\u0105 ofert\u0119 atrakcji dost\u0119pnych dla naszych go\u015bci, od spa po wycieczki g\u00f3rskie i zaj\u0119cia dla dzieci.\" \/>\n<meta name=\"robots\" content=\"index, follow, max-snippet:-1, max-image-preview:large, max-video-preview:-1\" \/>\n<link rel=\"canonical\" href=\"https:\/\/gran.karpacz.pl\/en\/atrakcje\/\" \/>\n<meta property=\"og:locale\" content=\"en_GB\" \/>\n<meta property=\"og:type\" content=\"article\" \/>\n<meta property=\"og:title\" content=\"Pensjonat Gra\u0144 Karpacz\" \/>\n<meta property=\"og:description\" content=\"Sprawd\u017a bogat\u0105 ofert\u0119 atrakcji dost\u0119pnych dla naszych go\u015bci, od spa po wycieczki g\u00f3rskie i zaj\u0119cia dla dzieci.\" \/>\n<meta property=\"og:url\" content=\"https:\/\/gran.karpacz.pl\/en\/atrakcje\/\" \/>\n<meta property=\"og:site_name\" content=\"Pensjonat Gra\u0144 Karpacz\" \/>\n<meta property=\"article:modified_time\" content=\"2025-01-21T14:42:15+00:00\" \/>\n<meta name=\"twitter:card\" content=\"summary_large_image\" \/>\n<meta name=\"twitter:label1\" content=\"Estimated reading time\" \/>\n\t<meta name=\"twitter:data1\" content=\"5 minutes\" \/>\n<script type=\"application\/ld+json\" class=\"yoast-schema-graph\">{\"@context\":\"https:\/\/schema.org\",\"@graph\":[{\"@type\":\"WebPage\",\"@id\":\"https:\/\/gran.karpacz.pl\/atrakcje\",\"url\":\"https:\/\/gran.karpacz.pl\/atrakcje\",\"name\":\"Pensjonat Gra\u0144 Karpacz\",\"isPartOf\":{\"@id\":\"https:\/\/gran.karpacz.pl\/#website\"},\"datePublished\":\"2024-03-22T14:30:23+00:00\",\"dateModified\":\"2025-01-21T14:42:15+00:00\",\"description\":\"Sprawd\u017a bogat\u0105 ofert\u0119 atrakcji dost\u0119pnych dla naszych go\u015bci, od spa po wycieczki g\u00f3rskie i zaj\u0119cia dla dzieci.\",\"breadcrumb\":{\"@id\":\"https:\/\/gran.karpacz.pl\/atrakcje#breadcrumb\"},\"inLanguage\":\"en-GB\",\"potentialAction\":[{\"@type\":\"ReadAction\",\"target\":[\"https:\/\/gran.karpacz.pl\/atrakcje\"]}]},{\"@type\":\"BreadcrumbList\",\"@id\":\"https:\/\/gran.karpacz.pl\/atrakcje#breadcrumb\",\"itemListElement\":[{\"@type\":\"ListItem\",\"position\":1,\"name\":\"Strona g\u0142\u00f3wna\",\"item\":\"https:\/\/gran.karpacz.pl\/\"},{\"@type\":\"ListItem\",\"position\":2,\"name\":\"Atrakcje\"}]},{\"@type\":\"WebSite\",\"@id\":\"https:\/\/gran.karpacz.pl\/#website\",\"url\":\"https:\/\/gran.karpacz.pl\/\",\"name\":\"Pensjonat Gra\u0144 Karpacz\",\"description\":\"\",\"publisher\":{\"@id\":\"https:\/\/gran.karpacz.pl\/#organization\"},\"potentialAction\":[{\"@type\":\"SearchAction\",\"target\":{\"@type\":\"EntryPoint\",\"urlTemplate\":\"https:\/\/gran.karpacz.pl\/?s={search_term_string}\"},\"query-input\":{\"@type\":\"PropertyValueSpecification\",\"valueRequired\":true,\"valueName\":\"search_term_string\"}}],\"inLanguage\":\"en-GB\"},{\"@type\":\"Organization\",\"@id\":\"https:\/\/gran.karpacz.pl\/#organization\",\"name\":\"Pensjonat Gra\u0144 Karpacz\",\"url\":\"https:\/\/gran.karpacz.pl\/\",\"logo\":{\"@type\":\"ImageObject\",\"inLanguage\":\"en-GB\",\"@id\":\"https:\/\/gran.karpacz.pl\/#\/schema\/logo\/image\/\",\"url\":\"\",\"contentUrl\":\"\",\"caption\":\"Pensjonat Gra\u0144 Karpacz\"},\"image\":{\"@id\":\"https:\/\/gran.karpacz.pl\/#\/schema\/logo\/image\/\"}}]}<\/script>\n<!-- \/ Yoast SEO plugin. -->","yoast_head_json":{"title":"Guesthouse Gra\u0144 Karpacz","description":"Sprawd\u017a bogat\u0105 ofert\u0119 atrakcji dost\u0119pnych dla naszych go\u015bci, od spa po wycieczki g\u00f3rskie i zaj\u0119cia dla dzieci.","robots":{"index":"index","follow":"follow","max-snippet":"max-snippet:-1","max-image-preview":"max-image-preview:large","max-video-preview":"max-video-preview:-1"},"canonical":"https:\/\/gran.karpacz.pl\/en\/atrakcje\/","og_locale":"en_GB","og_type":"article","og_title":"Pensjonat Gra\u0144 Karpacz","og_description":"Sprawd\u017a bogat\u0105 ofert\u0119 atrakcji dost\u0119pnych dla naszych go\u015bci, od spa po wycieczki g\u00f3rskie i zaj\u0119cia dla dzieci.","og_url":"https:\/\/gran.karpacz.pl\/en\/atrakcje\/","og_site_name":"Pensjonat Gra\u0144 Karpacz","article_modified_time":"2025-01-21T14:42:15+00:00","twitter_card":"summary_large_image","twitter_misc":{"Estimated reading time":"5 minutes"},"schema":{"@context":"https:\/\/schema.org","@graph":[{"@type":"WebPage","@id":"https:\/\/gran.karpacz.pl\/atrakcje","url":"https:\/\/gran.karpacz.pl\/atrakcje","name":"Guesthouse Gra\u0144 Karpacz","isPartOf":{"@id":"https:\/\/gran.karpacz.pl\/#website"},"datePublished":"2024-03-22T14:30:23+00:00","dateModified":"2025-01-21T14:42:15+00:00","description":"Sprawd\u017a bogat\u0105 ofert\u0119 atrakcji dost\u0119pnych dla naszych go\u015bci, od spa po wycieczki g\u00f3rskie i zaj\u0119cia dla dzieci.","breadcrumb":{"@id":"https:\/\/gran.karpacz.pl\/atrakcje#breadcrumb"},"inLanguage":"en-GB","potentialAction":[{"@type":"ReadAction","target":["https:\/\/gran.karpacz.pl\/atrakcje"]}]},{"@type":"BreadcrumbList","@id":"https:\/\/gran.karpacz.pl\/atrakcje#breadcrumb","itemListElement":[{"@type":"ListItem","position":1,"name":"Strona g\u0142\u00f3wna","item":"https:\/\/gran.karpacz.pl\/"},{"@type":"ListItem","position":2,"name":"Atrakcje"}]},{"@type":"WebSite","@id":"https:\/\/gran.karpacz.pl\/#website","url":"https:\/\/gran.karpacz.pl\/","name":"Guesthouse Gra\u0144 Karpacz","description":"","publisher":{"@id":"https:\/\/gran.karpacz.pl\/#organization"},"potentialAction":[{"@type":"SearchAction","target":{"@type":"EntryPoint","urlTemplate":"https:\/\/gran.karpacz.pl\/?s={search_term_string}"},"query-input":{"@type":"PropertyValueSpecification","valueRequired":true,"valueName":"search_term_string"}}],"inLanguage":"en-GB"},{"@type":"Organization","@id":"https:\/\/gran.karpacz.pl\/#organization","name":"Guesthouse Gra\u0144 Karpacz","url":"https:\/\/gran.karpacz.pl\/","logo":{"@type":"ImageObject","inLanguage":"en-GB","@id":"https:\/\/gran.karpacz.pl\/#\/schema\/logo\/image\/","url":"","contentUrl":"","caption":"Pensjonat Gra\u0144 Karpacz"},"image":{"@id":"https:\/\/gran.karpacz.pl\/#\/schema\/logo\/image\/"}}]}},"_links":{"self":[{"href":"https:\/\/gran.karpacz.pl\/en\/wp-json\/wp\/v2\/pages\/1296","targetHints":{"allow":["GET"]}}],"collection":[{"href":"https:\/\/gran.karpacz.pl\/en\/wp-json\/wp\/v2\/pages"}],"about":[{"href":"https:\/\/gran.karpacz.pl\/en\/wp-json\/wp\/v2\/types\/page"}],"author":[{"embeddable":true,"href":"https:\/\/gran.karpacz.pl\/en\/wp-json\/wp\/v2\/users\/3"}],"replies":[{"embeddable":true,"href":"https:\/\/gran.karpacz.pl\/en\/wp-json\/wp\/v2\/comments?post=1296"}],"version-history":[{"count":4,"href":"https:\/\/gran.karpacz.pl\/en\/wp-json\/wp\/v2\/pages\/1296\/revisions"}],"predecessor-version":[{"id":1336,"href":"https:\/\/gran.karpacz.pl\/en\/wp-json\/wp\/v2\/pages\/1296\/revisions\/1336"}],"wp:attachment":[{"href":"https:\/\/gran.karpacz.pl\/en\/wp-json\/wp\/v2\/media?parent=1296"}],"curies":[{"name":"wp","href":"https:\/\/api.w.org\/{rel}","templated":true}]}}